{"id":6,"date":"2025-11-13T07:47:52","date_gmt":"2025-11-13T07:47:52","guid":{"rendered":"https:\/\/raskimedia.se\/?page_id=6"},"modified":"2025-11-13T08:03:37","modified_gmt":"2025-11-13T08:03:37","slug":"raskimedia","status":"publish","type":"page","link":"https:\/\/raskimedia.se\/","title":{"rendered":"Hej!"},"content":{"rendered":"\n<p>Du har kommit till Raskimedia som \u00e4gs av mig,&nbsp;<a href=\"https:\/\/web.archive.org\/web\/20250109055312\/https:\/\/www.linkedin.com\/in\/kristoferrask\/\">Kristofer Rask<\/a>. Med Raskimedia samlar jag:<\/p>\n\n\n\n<ul class=\"wp-block-list\">\n<li>Mitt arbete som motorjournalist,<\/li>\n\n\n\n<li>Mina mediaplattformar,<\/li>\n\n\n\n<li>Samt mitt konsultande inom marknadsf\u00f6ring, strategi och kommunikation.<\/li>\n<\/ul>\n\n\n\n<p>Eftersom du kikat in h\u00e4r s\u00e5 \u00e4r du antagligen lite nyfiken. <\/p>\n\n\n\n<p>Du n\u00e5r mig via&nbsp;<a href=\"https:\/\/web.archive.org\/web\/20250109055312\/https:\/\/www.linkedin.com\/in\/kristoferrask\/\">LinkedIn<\/a>, p\u00e5 telefon 079-3366783 eller genom kontaktformul\u00e4ret&nbsp;<a href=\"https:\/\/web.archive.org\/web\/20250109055312\/https:\/\/raskimedia.se\/kontakta-oss\/\">h\u00e4r<\/a>.<\/p>\n\n\n\n<p>Ha det gott!<\/p>\n","protected":false},"excerpt":{"rendered":"<p>Du har kommit till Raskimedia som \u00e4gs av mig,&nbsp;Kristofer Rask. Med Raskimedia samlar jag: Eftersom du kikat in h\u00e4r s\u00e5 \u00e4r du antagligen lite nyfiken. Du n\u00e5r mig via&nbsp;LinkedIn, p\u00e5 telefon 079-3366783 eller genom kontaktformul\u00e4ret&nbsp;h\u00e4r. Ha det gott!<\/p>\n","protected":false},"author":1,"featured_media":0,"parent":0,"menu_order":0,"comment_status":"closed","ping_status":"closed","template":"","meta":{"footnotes":""},"class_list":["post-6","page","type-page","status-publish","hentry"],"_links":{"self":[{"href":"https:\/\/raskimedia.se\/index.php\/wp-json\/wp\/v2\/pages\/6","targetHints":{"allow":["GET"]}}],"collection":[{"href":"https:\/\/raskimedia.se\/index.php\/wp-json\/wp\/v2\/pages"}],"about":[{"href":"https:\/\/raskimedia.se\/index.php\/wp-json\/wp\/v2\/types\/page"}],"author":[{"embeddable":true,"href":"https:\/\/raskimedia.se\/index.php\/wp-json\/wp\/v2\/users\/1"}],"replies":[{"embeddable":true,"href":"https:\/\/raskimedia.se\/index.php\/wp-json\/wp\/v2\/comments?post=6"}],"version-history":[{"count":6,"href":"https:\/\/raskimedia.se\/index.php\/wp-json\/wp\/v2\/pages\/6\/revisions"}],"predecessor-version":[{"id":40,"href":"https:\/\/raskimedia.se\/index.php\/wp-json\/wp\/v2\/pages\/6\/revisions\/40"}],"wp:attachment":[{"href":"https:\/\/raskimedia.se\/index.php\/wp-json\/wp\/v2\/media?parent=6"}],"curies":[{"name":"wp","href":"https:\/\/api.w.org\/{rel}","templated":true}]}}